{"id":146,"date":"2021-11-03T00:05:14","date_gmt":"2021-11-03T00:05:14","guid":{"rendered":"http:\/\/elijahp.com\/?page_id=146"},"modified":"2021-11-26T07:59:09","modified_gmt":"2021-11-26T07:59:09","slug":"google-ads","status":"publish","type":"page","link":"https:\/\/elijahp.com\/fr\/google-ads\/","title":{"rendered":"Google Ads"},"content":{"rendered":"<div data-elementor-type=\"wp-page\" data-elementor-id=\"146\" class=\"elementor elementor-146\" data-elementor-post-type=\"page\">\n\t\t\t\t\t\t<section class=\"elementor-section elementor-top-section elementor-element elementor-element-22562ac5 elementor-section-boxed elementor-section-height-default elementor-section-height-default\" data-id=\"22562ac5\" data-element_type=\"section\">\n\t\t\t\t\t\t<div class=\"elementor-container elementor-column-gap-default\">\n\t\t\t\t\t<div class=\"elementor-column elementor-col-100 elementor-top-column elementor-element elementor-element-3107f46d\" data-id=\"3107f46d\" data-element_type=\"column\">\n\t\t\t<div class=\"elementor-widget-wrap elementor-element-populated\">\n\t\t\t\t\t\t<div class=\"elementor-element elementor-element-7aa052 elementor-widget elementor-widget-text-editor\" data-id=\"7aa052\" data-element_type=\"widget\" data-widget_type=\"text-editor.default\">\n\t\t\t\t<div class=\"elementor-widget-container\">\n\t\t\t\t\t\t\t\t\t<p><\/p>\n<div class=\"wp-block-group alignfull has-background is-layout-flow wp-block-group-is-layout-flow\" style=\"background-color: #171717;\"><div class=\"wp-block-group__inner-container\">\n<p><\/p>\n<h2 class=\"has-text-align-center has-text-color wp-block-heading\" style=\"color: #ffffff;\">Formations Google Ads<\/h2>\n<p><\/p>\n<p class=\"has-text-align-center has-text-color\" style=\"color: #d7d7d7;\">Il s'agit d'une collection de formations sur Google Ads que j'ai suivies, y compris sur YouTube Ads, qui fait \u00e9galement partie de Google Ads.<\/p>\n<p><\/p>\n<hr class=\"wp-block-separator is-style-wide\" \/>\n<p><\/p>\n<div class=\"wp-block-columns alignwide is-layout-flex wp-container-core-columns-is-layout-9d6595d7 wp-block-columns-is-layout-flex\">\n<p><\/p>\n<div class=\"wp-block-column is-layout-flow wp-block-column-is-layout-flow\">\n<p><\/p>\n<div class=\"wp-block-group is-layout-flow wp-block-group-is-layout-flow\"><div class=\"wp-block-group__inner-container\">\n<p><\/p>\n<h3 class=\"has-text-align-center has-text-color wp-block-heading\" style=\"color: #ffffff;\">La formation Ultime sur Google Ads<\/h3>\n<p><\/p>\n<p class=\"has-text-align-left has-text-color\" style=\"color: #d7d7d7;\">Il s'agit d'un cours Udemy de 24 heures cr\u00e9\u00e9 par Isaac Rudansky, fondateur et PDG d'AdVenture Media, une agence de publicit\u00e9. Cette formation est celle de Google ads le mieux not\u00e9 sur Udemy et \u00e0 juste titre un must-have si vous cherchez \u00e0 comprendre Google ads. Non seulement je soutiendrais \u00e9galement l'achat du cours m\u00eame si vous avez d\u00e9j\u00e0 achet\u00e9 une formation sur les annonces Google de quelqu'un d'autre parce qu'il est toujours utile de voir le point de vue d'un autre expert sur le sujet. Ma seule critique est que je pense qu'Isaac complique parfois trop les choses dans ce cours, comme dans la section sur les ench\u00e8res et l'explication des diff\u00e9rentes formules de calcul du ROAS ou du rang des annonces.  Mais dans l'ensemble, c'est un bon cours.<\/p>\n<p><\/p>\n<hr class=\"wp-block-separator\" \/>\n<p><\/p>\n<ul>\n<li>\n<figure class=\"wp-block-image size-large\"><img decoding=\"async\" src=\"http:\/\/elijahp.com\/wp-content\/uploads\/2021\/11\/Ultimate-Google-Ads-Training-1.jpg\" \/><\/figure>\n<\/li>\n<\/ul>\n<p><\/p>\n<\/div><\/div>\n<p><\/p>\n<\/div>\n<p><\/p>\n<div class=\"wp-block-column is-layout-flow wp-block-column-is-layout-flow\">\n<p><\/p>\n<div class=\"wp-block-group is-layout-flow wp-block-group-is-layout-flow\"><div class=\"wp-block-group__inner-container\">\n<p><\/p>\n<h3 class=\"has-text-align-center has-text-color wp-block-heading\" style=\"color: #ffffff;\">The SEM Acadamy<\/h3>\n<p><\/p>\n<p class=\"has-text-align-left has-text-color\" style=\"color: #d7d7d7;\">Cr\u00e9\u00e9 par l'expert en marketing num\u00e9rique Darren Taylor, ce cours de plus de 20 heures couvre tous les aspects de Google Ads, y compris les feuilles de calcul Excel et Tag Manager. La m\u00e9thode de paiement est un plan d'abonnement de 60\u20ac par mois dans lequel vous recevrez un certificat accr\u00e9dit\u00e9 une fois termin\u00e9. Vous pouvez terminer le programme en un mois en ne payant que 60\u20ac, donc oui vous ne gardez pas le cours pour toujours mais au moins de cette fa\u00e7on c'est beaucoup plus abordable.<br \/>Apr\u00e8s avoir termin\u00e9 cet formation, je dois dire que c'est le meilleur formation Google Ads que j'ai pris. J'ai m\u00eame pris le cours Google le plus favorablement \u00e9valu\u00e9 et vendu sur Udemy et celui-ci le surpasse de loin. J'ai vraiment appr\u00e9ci\u00e9 d'explorer d'autres aspects associ\u00e9s \u00e0 Google Ads tels que la compr\u00e9hension d'Analytics, Tag Manager, CRO, et Excel. M\u00eame les petits d\u00e9tails tels que la charte graphique et les illustrations contribuent vraiment \u00e0 l'immersion du cours. Je n'ai pas vraiment d'am\u00e9lioration \u00e0 sugg\u00e9rer, si ce n'est des d\u00e9tails mineurs comme le fait que toutes les vid\u00e9os aient le m\u00eame format que celles du cours CRO. Une fois encore, il s'agit de d\u00e9tails mineurs, mais dans l'ensemble, le cours \u00e9tait fantastique !<\/p>\n<p><\/p>\n<hr class=\"wp-block-separator\" \/>\n<p><\/p>\n<figure class=\"wp-block-image size-large\"><img decoding=\"async\" src=\"http:\/\/elijahp.com\/wp-content\/uploads\/2021\/11\/SEM-Academy.jpg\" \/><\/figure>\n<p><\/p>\n<\/div><\/div>\n<p><\/p>\n<\/div>\n<p><\/p>\n<div class=\"wp-block-column is-layout-flow wp-block-column-is-layout-flow\">\n<p><\/p>\n<div class=\"wp-block-group is-layout-flow wp-block-group-is-layout-flow\"><div class=\"wp-block-group__inner-container\">\n<p><\/p>\n<h3 class=\"has-text-align-center has-text-color wp-block-heading\" style=\"color: #ffffff;\">AdOutreach<\/h3>\n<p><\/p>\n<p class=\"has-text-align-left has-text-color\" style=\"color: #d7d7d7;\">Si vous consommez beaucoup de contenu de marketing num\u00e9rique sur YouTube, je suis s\u00fbr que vous avez vu l'une des publicit\u00e9s d'AdOutreach sur l'une des vid\u00e9os. Donc, apr\u00e8s avoir re\u00e7u plusieurs annonces de retargeting, j'ai finalement d\u00e9cid\u00e9 d'acheter le YouTube Advertising Masterclass de AdOutreach pour environ 45\u20ac. Toutefois, si vous cherchez \u00e0 acheter le cours, vous aurez besoin d'environ 15\u20ac suppl\u00e9mentaires pour les vid\u00e9os bonus que je recommande fortement afin de comprendre pleinement comment faire de \u00ab l\u2019omnipr\u00e9sent retargeting \u00bb. En ce qui concerne ce cours, je ne le recommanderais qu'\u00e0 une personne d\u00e9j\u00e0 familiaris\u00e9e avec les publicit\u00e9s YouTubes, car la formation ne fournit aucune vid\u00e9o sur la fa\u00e7on de mettre en place des campagnes \u00ab d'omnipr\u00e9sent retargeting \u00bb , mais seulement le cadre th\u00e9orique.  Le cours offre cependant un appel t\u00e9l\u00e9phonique gratuit d'une heure avec leur \u00e9quipe si vous souhaitez qu'ils fassent des publicit\u00e9s YouTube pour votre entreprise. Je crois qu'il y a beaucoup de potentiel avec YouTube Ads donc je pense toujours que cela vaut la peine de l'acheter.<\/p>\n<p><\/p>\n<hr class=\"wp-block-separator\" \/>\n<p><\/p>\n<figure class=\"wp-block-image size-large\"><img decoding=\"async\" src=\"http:\/\/elijahp.com\/wp-content\/uploads\/2021\/11\/YouTube-Mastery.png\" \/><\/figure>\n<p><\/p>\n<\/div><\/div>\n<p><\/p>\n<\/div>\n<p><\/p>\n<\/div>\n<p><\/p>\n<\/div><\/div>\n<p><\/p>\t\t\t\t\t\t\t\t<\/div>\n\t\t\t\t<\/div>\n\t\t\t\t\t<\/div>\n\t\t<\/div>\n\t\t\t\t\t<\/div>\n\t\t<\/section>\n\t\t\t\t<\/div>","protected":false},"excerpt":{"rendered":"<p>Google Ads Courses These are a collection of Google Ads lessons I&#8217;ve taken including, YouTube Ads which is also a part of Google Ads. The\u00a0Ultimate Google Ads Training This is a 24-hour Udemy course created by Isaac Rudansky founder and CEO of AdVenture Media an advertising agency. This course is the most highly rated Google &hellip;<\/p>\n<p class=\"read-more\"> <a class=\"\" href=\"https:\/\/elijahp.com\/fr\/google-ads\/\"> <span class=\"screen-reader-text\">Google Ads<\/span> Lire la suite\u00a0\u00bb<\/a><\/p>","protected":false},"author":1,"featured_media":0,"parent":0,"menu_order":0,"comment_status":"closed","ping_status":"closed","template":"","meta":{"om_disable_all_campaigns":false,"_monsterinsights_skip_tracking":false,"_monsterinsights_sitenote_active":false,"_monsterinsights_sitenote_note":"","_monsterinsights_sitenote_category":0,"site-sidebar-layout":"no-sidebar","site-content-layout":"page-builder","ast-main-header-display":"","ast-hfb-above-header-display":"","ast-hfb-mobile-header-display":"","site-post-title":"disabled","ast-breadcrumbs-content":"","ast-featured-img":"disabled","footer-sml-layout":"","theme-transparent-header-meta":"","adv-header-id-meta":"","stick-header-meta":"","header-above-stick-meta":"","header-main-stick-meta":"","header-below-stick-meta":"","footnotes":""},"class_list":["post-146","page","type-page","status-publish","hentry"],"post_mailing_queue_ids":[],"_links":{"self":[{"href":"https:\/\/elijahp.com\/fr\/wp-json\/wp\/v2\/pages\/146","targetHints":{"allow":["GET"]}}],"collection":[{"href":"https:\/\/elijahp.com\/fr\/wp-json\/wp\/v2\/pages"}],"about":[{"href":"https:\/\/elijahp.com\/fr\/wp-json\/wp\/v2\/types\/page"}],"author":[{"embeddable":true,"href":"https:\/\/elijahp.com\/fr\/wp-json\/wp\/v2\/users\/1"}],"replies":[{"embeddable":true,"href":"https:\/\/elijahp.com\/fr\/wp-json\/wp\/v2\/comments?post=146"}],"version-history":[{"count":36,"href":"https:\/\/elijahp.com\/fr\/wp-json\/wp\/v2\/pages\/146\/revisions"}],"predecessor-version":[{"id":517,"href":"https:\/\/elijahp.com\/fr\/wp-json\/wp\/v2\/pages\/146\/revisions\/517"}],"wp:attachment":[{"href":"https:\/\/elijahp.com\/fr\/wp-json\/wp\/v2\/media?parent=146"}],"curies":[{"name":"wp","href":"https:\/\/api.w.org\/{rel}","templated":true}]}}