{"id":152,"date":"2021-11-03T00:09:51","date_gmt":"2021-11-03T00:09:51","guid":{"rendered":"http:\/\/elijahp.com\/?page_id=152"},"modified":"2025-01-23T23:41:42","modified_gmt":"2025-01-23T23:41:42","slug":"books-sem-smm","status":"publish","type":"page","link":"https:\/\/elijahp.com\/fr\/books-sem-smm\/","title":{"rendered":"Livres : SEM\/SMM"},"content":{"rendered":"<div data-elementor-type=\"wp-page\" data-elementor-id=\"152\" class=\"elementor elementor-152\" data-elementor-post-type=\"page\">\n\t\t\t\t\t\t<section class=\"elementor-section elementor-top-section elementor-element elementor-element-u5q8uj7 elementor-section-boxed elementor-section-height-default elementor-section-height-default\" data-id=\"u5q8uj7\" data-element_type=\"section\" data-settings=\"{&quot;background_background&quot;:&quot;classic&quot;}\">\n\t\t\t\t\t\t<div class=\"elementor-container elementor-column-gap-no\">\n\t\t\t\t\t<div class=\"elementor-column elementor-col-100 elementor-top-column elementor-element elementor-element-7d39467\" data-id=\"7d39467\" data-element_type=\"column\">\n\t\t\t<div class=\"elementor-widget-wrap elementor-element-populated\">\n\t\t\t\t\t\t<div class=\"elementor-element elementor-element-f7b7ceb elementor-widget elementor-widget-heading\" data-id=\"f7b7ceb\" data-element_type=\"widget\" data-widget_type=\"heading.default\">\n\t\t\t\t<div class=\"elementor-widget-container\">\n\t\t\t\t\t<h2 class=\"elementor-heading-title elementor-size-default\">De bons livres sur la publicit\u00e9 \u00e0 lire<\/h2>\t\t\t\t<\/div>\n\t\t\t\t<\/div>\n\t\t\t\t<section class=\"elementor-section elementor-inner-section elementor-element elementor-element-74269ff elementor-section-boxed elementor-section-height-default elementor-section-height-default\" data-id=\"74269ff\" data-element_type=\"section\">\n\t\t\t\t\t\t<div class=\"elementor-container elementor-column-gap-no\">\n\t\t\t\t\t<div class=\"elementor-column elementor-col-50 elementor-inner-column elementor-element elementor-element-e4f0e0c\" data-id=\"e4f0e0c\" data-element_type=\"column\">\n\t\t\t<div class=\"elementor-widget-wrap elementor-element-populated\">\n\t\t\t\t\t\t<div class=\"elementor-element elementor-element-1701d10 elementor-widget elementor-widget-testimonial\" data-id=\"1701d10\" data-element_type=\"widget\" data-widget_type=\"testimonial.default\">\n\t\t\t\t<div class=\"elementor-widget-container\">\n\t\t\t\t\t\t\t<div class=\"elementor-testimonial-wrapper\">\n\t\t\t\t\t\t\t<div class=\"elementor-testimonial-content\"><p style=\"margin-bottom: 0cm;background: transparent\"><em><font color=\"#0e101a\"><span style=\"background: transparent\">The Ultimate\nGuide to Google Ads &amp; Ultimate Guide to Facebook Advertising<\/span><\/font><\/em><font color=\"#0e101a\"><span style=\"background: transparent\">&nbsp;sont deux livres \u00e9crits par l'auteur et sp\u00e9cialiste du marketing Perry Marshall dans lesquels ils expliquent comment faire de la publicit\u00e9 sur Google et Facebook. Malheureusement, j'ai achet\u00e9 les livres avant la nouvelle modification de Google Ads apport\u00e9e aux options de correspondance des mots cl\u00e9s tels que les expressions exactes et au modificateur de requ\u00eate large. Mais \u00e9galement, des modifications apport\u00e9es \u00e0 certaines strat\u00e9gies d'ench\u00e8res comme CPA cible et ROAS cible, ne sont pas incluses dans cette sixi\u00e8me \u00e9dition. Je vous recommande donc d'acheter les versions les plus r\u00e9centes. Dans l'ensemble, les livres sont excellents et expliquent tr\u00e8s bien comment mettre en place une campagne Adwords sur les moteur de recherche (SEM) et mettre en place une campagne sur les m\u00e9dias sociaux (SMM). Cependant, je conseillerais simplement aux lecteurs novices en mati\u00e8re de publicit\u00e9 en ligne de regarder une vid\u00e9o sur YouTube apr\u00e8s avoir lu un chapitre sur le sujet concern\u00e9. De cette fa\u00e7on, l'information devient beaucoup plus compr\u00e9hensible. Je pense personnellement que les images dans les livres n'illustrent pas correctement ce qu'ils essaient de transmettre, c'est pourquoi je recommande de regarder une vid\u00e9o sur le chapitre concern\u00e9 apr\u00e8s l'avoir lu. Malgr\u00e9 tout, je pense que ces livres sont parmi les mieux \u00e9crits sur la publicit\u00e9 en ligne.<\/span><\/font><\/p>\n<\/div>\n\t\t\t\n\t\t\t\t\t\t<div class=\"elementor-testimonial-meta\">\n\t\t\t\t<div class=\"elementor-testimonial-meta-inner\">\n\t\t\t\t\t\n\t\t\t\t\t\t\t\t\t\t<div class=\"elementor-testimonial-details\">\n\t\t\t\t\t\t\t\t\t\t\t\t\t\t<div class=\"elementor-testimonial-name\">Elijah Petty<\/div>\n\t\t\t\t\t\t\t\t\t\t\t\t\t\t\t\t\t\t\t<\/div>\n\t\t\t\t\t\t\t\t\t<\/div>\n\t\t\t<\/div>\n\t\t\t\t\t<\/div>\n\t\t\t\t\t\t<\/div>\n\t\t\t\t<\/div>\n\t\t\t\t<div class=\"elementor-element elementor-element-18f19ac elementor-widget elementor-widget-testimonial\" data-id=\"18f19ac\" data-element_type=\"widget\" data-widget_type=\"testimonial.default\">\n\t\t\t\t<div class=\"elementor-widget-container\">\n\t\t\t\t\t\t\t<div class=\"elementor-testimonial-wrapper\">\n\t\t\t\t\t\t\t<div class=\"elementor-testimonial-content\"><p style=\"margin-bottom: 0cm;background: transparent\"><font color=\"#0e101a\"><i>Join or Die : Digital Advertising in the Age of Automation de Patrick Gilbert est un guide convaincant pour naviguer dans le monde en \u00e9volution rapide de la publicit\u00e9 digital. Le livre se concentre sur le r\u00f4le transformateur que l'automatisation, l'intelligence artificielle et l'apprentissage automatique jouent dans la refonte de la fa\u00e7on dont les entreprises abordent le marketing digital.\n\nGilbert explique comment l'automatisation peut rationaliser le processus publicitaire, en rendant les campagnes plus efficaces, plus \u00e9volutives et plus ax\u00e9es sur les donn\u00e9es. Il souligne que, pour rester comp\u00e9titives, les entreprises doivent adopter ces technologies plut\u00f4t que d'y r\u00e9sister, car celles qui ne s'adaptent pas risquent d'\u00eatre distanc\u00e9es. L'ouvrage offre des conseils pratiques sur la mani\u00e8re d'utiliser efficacement les outils automatis\u00e9s, de l'achat programmatique au ciblage par l'IA, tout en abordant les \u00e9l\u00e9ments humains de la cr\u00e9ativit\u00e9 et de la prise de d\u00e9cision strat\u00e9gique.\n\nL'approche de M. Gilbert se distingue par l'\u00e9quilibre entre les connaissances techniques et les conseils pratiques, ce qui rend l'ouvrage accessible \u00e0 la fois aux sp\u00e9cialistes du marketing qui d\u00e9couvrent l'automatisation et aux professionnels chevronn\u00e9s. Le livre fournit une feuille de route pour l'int\u00e9gration de l'automatisation dans les strat\u00e9gies existantes sans sacrifier la touche personnelle qu'exige une bonne publicit\u00e9.\n\nJoin or Die est un ouvrage incontournable pour tous ceux qui cherchent \u00e0 pr\u00e9parer l'avenir de leurs efforts en mati\u00e8re de publicit\u00e9 digital. C'est un signal d'alarme pour les entreprises qui doivent non seulement s'adapter, mais aussi prosp\u00e9rer dans la nouvelle \u00e8re de la publicit\u00e9.<\/i><\/font><span style=\"color: var( --e-global-color-text );font-family: var( --e-global-typography-text-font-family ), Sans-serif;font-weight: var( --e-global-typography-text-font-weight )\"><\/span><\/p><\/div>\n\t\t\t\n\t\t\t\t\t\t<div class=\"elementor-testimonial-meta\">\n\t\t\t\t<div class=\"elementor-testimonial-meta-inner\">\n\t\t\t\t\t\n\t\t\t\t\t\t\t\t\t\t<div class=\"elementor-testimonial-details\">\n\t\t\t\t\t\t\t\t\t\t\t\t\t\t<div class=\"elementor-testimonial-name\">Elijah Petty<\/div>\n\t\t\t\t\t\t\t\t\t\t\t\t\t\t\t\t\t\t\t<\/div>\n\t\t\t\t\t\t\t\t\t<\/div>\n\t\t\t<\/div>\n\t\t\t\t\t<\/div>\n\t\t\t\t\t\t<\/div>\n\t\t\t\t<\/div>\n\t\t\t\t\t<\/div>\n\t\t<\/div>\n\t\t\t\t<div class=\"elementor-column elementor-col-50 elementor-inner-column elementor-element elementor-element-9d00c5d\" data-id=\"9d00c5d\" data-element_type=\"column\">\n\t\t\t<div class=\"elementor-widget-wrap elementor-element-populated\">\n\t\t\t\t\t\t<div class=\"elementor-element elementor-element-7810427 elementor-widget elementor-widget-image\" data-id=\"7810427\" data-element_type=\"widget\" data-widget_type=\"image.default\">\n\t\t\t\t<div class=\"elementor-widget-container\">\n\t\t\t\t\t\t\t\t\t\t\t\t\t\t\t<img fetchpriority=\"high\" decoding=\"async\" width=\"800\" height=\"1000\" src=\"https:\/\/elijahp.com\/wp-content\/uploads\/2021\/11\/Guide-to-Google-Ads.jpg\" class=\"elementor-animation-bounce-in attachment-large size-large wp-image-170\" alt=\"\" srcset=\"https:\/\/elijahp.com\/wp-content\/uploads\/2021\/11\/Guide-to-Google-Ads.jpg 800w, https:\/\/elijahp.com\/wp-content\/uploads\/2021\/11\/Guide-to-Google-Ads-240x300.jpg 240w, https:\/\/elijahp.com\/wp-content\/uploads\/2021\/11\/Guide-to-Google-Ads-768x960.jpg 768w, https:\/\/elijahp.com\/wp-content\/uploads\/2021\/11\/Guide-to-Google-Ads-10x12.jpg 10w\" sizes=\"(max-width: 800px) 100vw, 800px\" \/>\t\t\t\t\t\t\t\t\t\t\t\t\t\t\t<\/div>\n\t\t\t\t<\/div>\n\t\t\t\t<div class=\"elementor-element elementor-element-77d3eb2 elementor-widget elementor-widget-spacer\" data-id=\"77d3eb2\" data-element_type=\"widget\" data-widget_type=\"spacer.default\">\n\t\t\t\t<div class=\"elementor-widget-container\">\n\t\t\t\t\t\t\t<div class=\"elementor-spacer\">\n\t\t\t<div class=\"elementor-spacer-inner\"><\/div>\n\t\t<\/div>\n\t\t\t\t\t\t<\/div>\n\t\t\t\t<\/div>\n\t\t\t\t<div class=\"elementor-element elementor-element-7537cbd elementor-widget elementor-widget-image\" data-id=\"7537cbd\" data-element_type=\"widget\" data-widget_type=\"image.default\">\n\t\t\t\t<div class=\"elementor-widget-container\">\n\t\t\t\t\t\t\t\t\t\t\t\t\t\t\t<img decoding=\"async\" width=\"260\" height=\"326\" src=\"https:\/\/elijahp.com\/wp-content\/uploads\/2021\/11\/Guide-Facebooks-Ads.jpg\" class=\"elementor-animation-bounce-in attachment-large size-large wp-image-171\" alt=\"\" srcset=\"https:\/\/elijahp.com\/wp-content\/uploads\/2021\/11\/Guide-Facebooks-Ads.jpg 260w, https:\/\/elijahp.com\/wp-content\/uploads\/2021\/11\/Guide-Facebooks-Ads-239x300.jpg 239w, https:\/\/elijahp.com\/wp-content\/uploads\/2021\/11\/Guide-Facebooks-Ads-10x12.jpg 10w\" sizes=\"(max-width: 260px) 100vw, 260px\" \/>\t\t\t\t\t\t\t\t\t\t\t\t\t\t\t<\/div>\n\t\t\t\t<\/div>\n\t\t\t\t<div class=\"elementor-element elementor-element-ef2c37a elementor-widget elementor-widget-spacer\" data-id=\"ef2c37a\" data-element_type=\"widget\" data-widget_type=\"spacer.default\">\n\t\t\t\t<div class=\"elementor-widget-container\">\n\t\t\t\t\t\t\t<div class=\"elementor-spacer\">\n\t\t\t<div class=\"elementor-spacer-inner\"><\/div>\n\t\t<\/div>\n\t\t\t\t\t\t<\/div>\n\t\t\t\t<\/div>\n\t\t\t\t<div class=\"elementor-element elementor-element-acfb5ce elementor-widget elementor-widget-image\" data-id=\"acfb5ce\" data-element_type=\"widget\" data-widget_type=\"image.default\">\n\t\t\t\t<div class=\"elementor-widget-container\">\n\t\t\t\t\t\t\t\t\t\t\t\t\t\t\t<img decoding=\"async\" width=\"683\" height=\"1024\" src=\"https:\/\/elijahp.com\/wp-content\/uploads\/2025\/01\/51KnVMccaRL-683x1024.jpg\" class=\"elementor-animation-bounce-in attachment-large size-large wp-image-2987\" alt=\"\" srcset=\"https:\/\/elijahp.com\/wp-content\/uploads\/2025\/01\/51KnVMccaRL-683x1024.jpg 683w, https:\/\/elijahp.com\/wp-content\/uploads\/2025\/01\/51KnVMccaRL-200x300.jpg 200w, https:\/\/elijahp.com\/wp-content\/uploads\/2025\/01\/51KnVMccaRL-768x1152.jpg 768w, https:\/\/elijahp.com\/wp-content\/uploads\/2025\/01\/51KnVMccaRL-8x12.jpg 8w, https:\/\/elijahp.com\/wp-content\/uploads\/2025\/01\/51KnVMccaRL.jpg 907w\" sizes=\"(max-width: 683px) 100vw, 683px\" \/>\t\t\t\t\t\t\t\t\t\t\t\t\t\t\t<\/div>\n\t\t\t\t<\/div>\n\t\t\t\t\t<\/div>\n\t\t<\/div>\n\t\t\t\t\t<\/div>\n\t\t<\/section>\n\t\t\t\t\t<\/div>\n\t\t<\/div>\n\t\t\t\t\t<\/div>\n\t\t<\/section>\n\t\t\t\t<\/div>","protected":false},"excerpt":{"rendered":"<p>Great Advertising Books To Read The Ultimate Guide to Google Ads &amp; Ultimate Guide to Facebook Advertising&nbsp;are both books written by author and marketer Perry Marshall in which they explain how to advertise on Google and Facebook. Unfortunately, I purchased the books before the most recent Google Ads update around Keyword match types like phrase &hellip;<\/p>\n<p class=\"read-more\"> <a class=\"\" href=\"https:\/\/elijahp.com\/fr\/books-sem-smm\/\"> <span class=\"screen-reader-text\">Livres : SEM\/SMM<\/span> Lire la suite\u00a0\u00bb<\/a><\/p>","protected":false},"author":1,"featured_media":0,"parent":0,"menu_order":0,"comment_status":"closed","ping_status":"closed","template":"","meta":{"om_disable_all_campaigns":false,"_monsterinsights_skip_tracking":false,"_monsterinsights_sitenote_active":false,"_monsterinsights_sitenote_note":"","_monsterinsights_sitenote_category":0,"site-sidebar-layout":"no-sidebar","site-content-layout":"page-builder","ast-main-header-display":"","ast-hfb-above-header-display":"","ast-hfb-mobile-header-display":"","site-post-title":"disabled","ast-breadcrumbs-content":"","ast-featured-img":"disabled","footer-sml-layout":"","theme-transparent-header-meta":"","adv-header-id-meta":"","stick-header-meta":"","header-above-stick-meta":"","header-main-stick-meta":"","header-below-stick-meta":"","footnotes":""},"class_list":["post-152","page","type-page","status-publish","hentry"],"post_mailing_queue_ids":[],"_links":{"self":[{"href":"https:\/\/elijahp.com\/fr\/wp-json\/wp\/v2\/pages\/152","targetHints":{"allow":["GET"]}}],"collection":[{"href":"https:\/\/elijahp.com\/fr\/wp-json\/wp\/v2\/pages"}],"about":[{"href":"https:\/\/elijahp.com\/fr\/wp-json\/wp\/v2\/types\/page"}],"author":[{"embeddable":true,"href":"https:\/\/elijahp.com\/fr\/wp-json\/wp\/v2\/users\/1"}],"replies":[{"embeddable":true,"href":"https:\/\/elijahp.com\/fr\/wp-json\/wp\/v2\/comments?post=152"}],"version-history":[{"count":33,"href":"https:\/\/elijahp.com\/fr\/wp-json\/wp\/v2\/pages\/152\/revisions"}],"predecessor-version":[{"id":2993,"href":"https:\/\/elijahp.com\/fr\/wp-json\/wp\/v2\/pages\/152\/revisions\/2993"}],"wp:attachment":[{"href":"https:\/\/elijahp.com\/fr\/wp-json\/wp\/v2\/media?parent=152"}],"curies":[{"name":"wp","href":"https:\/\/api.w.org\/{rel}","templated":true}]}}