{"id":1637,"date":"2023-06-02T21:41:59","date_gmt":"2023-06-02T21:41:59","guid":{"rendered":"https:\/\/elijahp.com\/?page_id=1637"},"modified":"2023-06-02T23:53:19","modified_gmt":"2023-06-02T23:53:19","slug":"desktop-publishing","status":"publish","type":"page","link":"https:\/\/elijahp.com\/fr\/desktop-publishing\/","title":{"rendered":"PAO"},"content":{"rendered":"<div data-elementor-type=\"wp-page\" data-elementor-id=\"1637\" class=\"elementor elementor-1637\" data-elementor-post-type=\"page\">\n\t\t\t\t<div class=\"elementor-element elementor-element-a1c5a86 e-flex e-con-boxed e-con e-parent\" data-id=\"a1c5a86\" data-element_type=\"container\">\n\t\t\t\t\t<div class=\"e-con-inner\">\n\t\t\t\t<div class=\"elementor-element elementor-element-1891ca0 elementor-widget elementor-widget-heading\" data-id=\"1891ca0\" data-element_type=\"widget\" data-widget_type=\"heading.default\">\n\t\t\t\t<div class=\"elementor-widget-container\">\n\t\t\t\t\t<h2 class=\"elementor-heading-title elementor-size-default\">PAO<\/h2>\t\t\t\t<\/div>\n\t\t\t\t<\/div>\n\t\t\t\t<div class=\"elementor-element elementor-element-527010a elementor-widget elementor-widget-heading\" data-id=\"527010a\" data-element_type=\"widget\" data-widget_type=\"heading.default\">\n\t\t\t\t<div class=\"elementor-widget-container\">\n\t\t\t\t\t<h2 class=\"elementor-heading-title elementor-size-default\">Adobe Indesign\u200b<\/h2>\t\t\t\t<\/div>\n\t\t\t\t<\/div>\n\t\t\t\t<div class=\"elementor-element elementor-element-672b41a elementor-widget elementor-widget-html\" data-id=\"672b41a\" data-element_type=\"widget\" data-widget_type=\"html.default\">\n\t\t\t\t<div class=\"elementor-widget-container\">\n\t\t\t\t\t<iframe style=\"border: 1px solid #777;\" src=\"https:\/\/indd.adobe.com\/embed\/e3d9d3da-c772-4833-9721-3394d75a56ce?startpage=1&allowFullscreen=true\" width=\"525px\" height=\"371px\" frameborder=\"0\" allowfullscreen=\"\"><\/iframe>\t\t\t\t<\/div>\n\t\t\t\t<\/div>\n\t\t\t\t<div class=\"elementor-element elementor-element-dc433fe elementor-widget elementor-widget-text-editor\" data-id=\"dc433fe\" data-element_type=\"widget\" data-widget_type=\"text-editor.default\">\n\t\t\t\t<div class=\"elementor-widget-container\">\n\t\t\t\t\t\t\t\t\t<ul><li>Document interactif cr\u00e9\u00e9 dans Indesign. Cliquez sur le document pour interagir en plein \u00e9cran.<\/li><\/ul>\t\t\t\t\t\t\t\t<\/div>\n\t\t\t\t<\/div>\n\t\t\t\t\t<\/div>\n\t\t\t\t<\/div>\n\t\t<div class=\"elementor-element elementor-element-72870028 e-flex e-con-boxed e-con e-parent\" data-id=\"72870028\" data-element_type=\"container\" data-settings=\"{&quot;background_background&quot;:&quot;classic&quot;}\">\n\t\t\t\t\t<div class=\"e-con-inner\">\n\t\t<div class=\"elementor-element elementor-element-2c31816e e-flex e-con-boxed e-con e-parent\" data-id=\"2c31816e\" data-element_type=\"container\">\n\t\t\t\t\t<div class=\"e-con-inner\">\n\t\t<div class=\"elementor-element elementor-element-6109cf70 e-con-full e-flex e-con e-parent\" data-id=\"6109cf70\" data-element_type=\"container\">\n\t\t\t\t<div class=\"elementor-element elementor-element-3a8ab297 mdw-repeat-image elementor-widget-tablet__width-initial elementor-widget__width-initial elementor-widget elementor-widget-image\" data-id=\"3a8ab297\" data-element_type=\"widget\" data-widget_type=\"image.default\">\n\t\t\t\t<div class=\"elementor-widget-container\">\n\t\t\t\t\t\t\t\t\t\t\t\t\t\t\t<img fetchpriority=\"high\" decoding=\"async\" width=\"360\" height=\"370\" src=\"https:\/\/elijahp.com\/wp-content\/uploads\/2023\/06\/Magazin.png\" class=\"attachment-large size-large wp-image-1653\" alt=\"\" srcset=\"https:\/\/elijahp.com\/wp-content\/uploads\/2023\/06\/Magazin.png 360w, https:\/\/elijahp.com\/wp-content\/uploads\/2023\/06\/Magazin-292x300.png 292w, https:\/\/elijahp.com\/wp-content\/uploads\/2023\/06\/Magazin-12x12.png 12w\" sizes=\"(max-width: 360px) 100vw, 360px\" \/>\t\t\t\t\t\t\t\t\t\t\t\t\t\t\t<\/div>\n\t\t\t\t<\/div>\n\t\t\t\t<div class=\"elementor-element elementor-element-dd711f7 elementor-widget elementor-widget-text-editor\" data-id=\"dd711f7\" data-element_type=\"widget\" data-widget_type=\"text-editor.default\">\n\t\t\t\t<div class=\"elementor-widget-container\">\n\t\t\t\t\t\t\t\t\t<ul><li>Pendant mon temps, travaillant \u00e0 l'Office de tourisme de Verdun, j'ai fait divers travaux en rapport avec la publication assist\u00e9e par ordinateur et de mise en page comme pr\u00e9sent\u00e9 ci-dessus.\t\t\t\t\t\t\t\t<\/div>\n\t\t\t\t<\/div>\n\t\t\t\t<div class=\"elementor-element elementor-element-78a050d elementor-icon-list--layout-traditional elementor-list-item-link-full_width elementor-widget elementor-widget-icon-list\" data-id=\"78a050d\" data-element_type=\"widget\" data-widget_type=\"icon-list.default\">\n\t\t\t\t<div class=\"elementor-widget-container\">\n\t\t\t\t\t\t\t<ul class=\"elementor-icon-list-items\">\n\t\t\t\t\t\t\t<li class=\"elementor-icon-list-item\">\n\t\t\t\t\t\t\t\t\t\t\t<span class=\"elementor-icon-list-icon\">\n\t\t\t\t\t\t\t<i aria-hidden=\"true\" class=\"fas fa-check-circle\"><\/i>\t\t\t\t\t\t<\/span>\n\t\t\t\t\t\t\t\t\t\t<span class=\"elementor-icon-list-text\">Voir PDF ici <\/span>\n\t\t\t\t\t\t\t\t\t<\/li>\n\t\t\t\t\t\t<\/ul>\n\t\t\t\t\t\t<\/div>\n\t\t\t\t<\/div>\n\t\t\t\t<\/div>\n\t\t<div class=\"elementor-element elementor-element-6ea2645f e-con-full e-flex e-con e-parent\" data-id=\"6ea2645f\" data-element_type=\"container\">\n\t\t\t\t<div class=\"elementor-element elementor-element-2e2a9d96 mdw-repeat-image elementor-widget-tablet__width-initial elementor-widget elementor-widget-image\" data-id=\"2e2a9d96\" data-element_type=\"widget\" data-widget_type=\"image.default\">\n\t\t\t\t<div class=\"elementor-widget-container\">\n\t\t\t\t\t\t\t\t\t\t\t\t\t\t\t<img decoding=\"async\" width=\"360\" height=\"370\" src=\"https:\/\/elijahp.com\/wp-content\/uploads\/2023\/06\/Monet1.png\" class=\"attachment-large size-large wp-image-1661\" alt=\"\" srcset=\"https:\/\/elijahp.com\/wp-content\/uploads\/2023\/06\/Monet1.png 360w, https:\/\/elijahp.com\/wp-content\/uploads\/2023\/06\/Monet1-292x300.png 292w, https:\/\/elijahp.com\/wp-content\/uploads\/2023\/06\/Monet1-12x12.png 12w\" sizes=\"(max-width: 360px) 100vw, 360px\" \/>\t\t\t\t\t\t\t\t\t\t\t\t\t\t\t<\/div>\n\t\t\t\t<\/div>\n\t\t\t\t<div class=\"elementor-element elementor-element-30b38d0 elementor-widget elementor-widget-text-editor\" data-id=\"30b38d0\" data-element_type=\"widget\" data-widget_type=\"text-editor.default\">\n\t\t\t\t<div class=\"elementor-widget-container\">\n\t\t\t\t\t\t\t\t\t<p>Pendant ma collaboration avec Powerful Africa, j'ai r\u00e9alis\u00e9 plusieurs travaux de publication assist\u00e9e par ordinateur et de mise en page pour le magazine mensuel, comme celui pr\u00e9sent\u00e9 \u00e0 gauche. Ce num\u00e9ro est celui du mois de mars.<\/p>\t\t\t\t\t\t\t\t<\/div>\n\t\t\t\t<\/div>\n\t\t\t\t<div class=\"elementor-element elementor-element-648990e elementor-icon-list--layout-traditional elementor-list-item-link-full_width elementor-widget elementor-widget-icon-list\" data-id=\"648990e\" data-element_type=\"widget\" data-widget_type=\"icon-list.default\">\n\t\t\t\t<div class=\"elementor-widget-container\">\n\t\t\t\t\t\t\t<ul class=\"elementor-icon-list-items\">\n\t\t\t\t\t\t\t<li class=\"elementor-icon-list-item\">\n\t\t\t\t\t\t\t\t\t\t\t<a href=\"http:\/\/elijahp.com\/wp-content\/uploads\/2021\/11\/1-Edition-Powerful-Africa-15-Mars-2021-1.pdf\" target=\"_blank\">\n\n\t\t\t\t\t\t\t\t\t\t\t\t<span class=\"elementor-icon-list-icon\">\n\t\t\t\t\t\t\t<i aria-hidden=\"true\" class=\"fas fa-check-circle\"><\/i>\t\t\t\t\t\t<\/span>\n\t\t\t\t\t\t\t\t\t\t<span class=\"elementor-icon-list-text\">Voir PDF ici<\/span>\n\t\t\t\t\t\t\t\t\t\t\t<\/a>\n\t\t\t\t\t\t\t\t\t<\/li>\n\t\t\t\t\t\t<\/ul>\n\t\t\t\t\t\t<\/div>\n\t\t\t\t<\/div>\n\t\t\t\t<\/div>\n\t\t<div class=\"elementor-element elementor-element-11b2595 e-con-full e-flex e-con e-parent\" data-id=\"11b2595\" data-element_type=\"container\">\n\t\t\t\t<div class=\"elementor-element elementor-element-c4d3430 mdw-repeat-image elementor-widget-tablet__width-initial elementor-widget elementor-widget-image\" data-id=\"c4d3430\" data-element_type=\"widget\" data-widget_type=\"image.default\">\n\t\t\t\t<div class=\"elementor-widget-container\">\n\t\t\t\t\t\t\t\t\t\t\t\t\t\t\t<img decoding=\"async\" width=\"360\" height=\"370\" src=\"https:\/\/elijahp.com\/wp-content\/uploads\/2023\/06\/mag.png\" class=\"attachment-large size-large wp-image-1655\" alt=\"\" srcset=\"https:\/\/elijahp.com\/wp-content\/uploads\/2023\/06\/mag.png 360w, https:\/\/elijahp.com\/wp-content\/uploads\/2023\/06\/mag-292x300.png 292w, https:\/\/elijahp.com\/wp-content\/uploads\/2023\/06\/mag-12x12.png 12w\" sizes=\"(max-width: 360px) 100vw, 360px\" \/>\t\t\t\t\t\t\t\t\t\t\t\t\t\t\t<\/div>\n\t\t\t\t<\/div>\n\t\t\t\t<div class=\"elementor-element elementor-element-74db7e8 elementor-widget elementor-widget-spacer\" data-id=\"74db7e8\" data-element_type=\"widget\" data-widget_type=\"spacer.default\">\n\t\t\t\t<div class=\"elementor-widget-container\">\n\t\t\t\t\t\t\t<div class=\"elementor-spacer\">\n\t\t\t<div class=\"elementor-spacer-inner\"><\/div>\n\t\t<\/div>\n\t\t\t\t\t\t<\/div>\n\t\t\t\t<\/div>\n\t\t\t\t<div class=\"elementor-element elementor-element-881bd07 elementor-icon-list--layout-traditional elementor-list-item-link-full_width elementor-widget elementor-widget-icon-list\" data-id=\"881bd07\" data-element_type=\"widget\" data-widget_type=\"icon-list.default\">\n\t\t\t\t<div class=\"elementor-widget-container\">\n\t\t\t\t\t\t\t<ul class=\"elementor-icon-list-items\">\n\t\t\t\t\t\t\t<li class=\"elementor-icon-list-item\">\n\t\t\t\t\t\t\t\t\t\t\t<a href=\"https:\/\/elijahp.com\/wp-content\/uploads\/2022\/04\/4-page-prospectus.pdf\" target=\"_blank\">\n\n\t\t\t\t\t\t\t\t\t\t\t\t<span class=\"elementor-icon-list-icon\">\n\t\t\t\t\t\t\t<i aria-hidden=\"true\" class=\"fas fa-check-circle\"><\/i>\t\t\t\t\t\t<\/span>\n\t\t\t\t\t\t\t\t\t\t<span class=\"elementor-icon-list-text\">Extrait PDF avec les traits de coupe<\/span>\n\t\t\t\t\t\t\t\t\t\t\t<\/a>\n\t\t\t\t\t\t\t\t\t<\/li>\n\t\t\t\t\t\t<\/ul>\n\t\t\t\t\t\t<\/div>\n\t\t\t\t<\/div>\n\t\t\t\t<\/div>\n\t\t\t\t\t<\/div>\n\t\t\t\t<\/div>\n\t\t\t\t\t<\/div>\n\t\t\t\t<\/div>\n\t\t<div class=\"elementor-element elementor-element-5924a716 elementor-hidden-desktop elementor-hidden-tablet elementor-hidden-mobile e-flex e-con-boxed e-con e-parent\" data-id=\"5924a716\" data-element_type=\"container\">\n\t\t\t\t\t<div class=\"e-con-inner\">\n\t\t\t\t<div class=\"elementor-element elementor-element-1c56a064 elementor-widget elementor-widget-html\" data-id=\"1c56a064\" data-element_type=\"widget\" data-widget_type=\"html.default\">\n\t\t\t\t<div class=\"elementor-widget-container\">\n\t\t\t\t\t<script src=\"https:\/\/code.jquery.com\/jquery-3.6.0.min.js\"><\/script>\r\n<script>\r\n\r\nvar $ = jQuery,\r\n    defaultValue = {\r\n        repeat: 4,\r\n        speed: 200,\r\n        squeeze: false\r\n    }\r\n\r\n$(document).ready(function(){\r\n\r\n$('.mdw-repeat-image').each(function(){\r\n    \r\n    var $this = $(this),\r\n    repeat = $this.css('--repeat') ? $this.css('--repeat').trim() : defaultValue.repeat,\r\n    background = $this.find('img').eq(0).attr('src'),\r\n    speed = $this.css('--speed') ? $this.css('--speed') : defaultValue.speed,\r\n    squeeze = $this.css('--squeeze'),\r\n    pause = []\r\n\r\n    if( squeeze ){\r\n    \tif( squeeze.trim() == 'x' ){\r\n    \t\tsqueeze = 'x'\r\n    \t}else if( squeeze.trim() == 'y' ){\r\n    \t\tsqueeze = 'y'\r\n    \t}else{\r\n    \t\tsqueeze = false\r\n    \t}\r\n    }else{\r\n    \tsqueeze = defaultValue.squeeze\r\n    }\r\n\r\n    pause[0] = 2\r\n    \r\n    for(var i = 0; i < repeat; i++){\r\n        $this.find('img').eq(0).after('<span class=\"repeated-image\"><\/span>')\r\n        pause[i+1] = 1\r\n    }\r\n    $this.find('.repeated-image').eq(i-1).after('<span class=\"repeated-image-last\"><\/span>')\r\n\r\n    var images = $this.find('.repeated-image'),\r\n        len = images.length\r\n\r\n\r\n    $this.find('.repeated-image').css('background-image', 'url(' + background + ')' )\r\n    $this.find('.repeated-image-last').css('background-image', 'url(' + background + ')' )\r\n\r\n    var animation = [],\r\n    index = len,\r\n    entranceIndex\r\n\r\n    $this.hover(function(){\r\n        $this.find('.repeated-image-last').addClass('hide')\r\n        entranceIndex = index--\r\n        images.each(function(i){\r\n            clearTimeout(animation[i])\r\n        })\r\n        images.each(function(i){\r\n            var $this2 = $(this)\r\n            if(i > index) return\r\n            animation[i] = setTimeout(function(){\r\n                $({ n: pause[i+1] }).animate({ n: 0 }, {\r\n                    duration: 500,\r\n                    step: function(now, fx) {\r\n                        var x = squeeze == 'x' ? 1 : now,\r\n                        \ty = squeeze == 'y' ? 1 : now\r\n                        $this2.css('transform','scaleX('+x+') scaleY('+y+')')\r\n                        pause[i+1] = now\r\n                    }\r\n                },'linear')\r\n                if(index == 0) {\r\n                    $({ n: pause[i] }).animate({ n: 1 }, {\r\n                        duration: 500,\r\n                        step: function(now, fx) {\r\n                            var x = squeeze == 'x' ? 1 : now,\r\n                        \t\ty = squeeze == 'y' ? 1 : now\r\n                            $this.find('img').eq(0).css('transform','scaleX('+x+') scaleY('+y+')')\r\n                            pause[i] = now\r\n                        }\r\n                    },'linear')\r\n                }\r\n                index--\r\n                \r\n            },speed*(entranceIndex - i - 1))\r\n        \r\n        })\r\n    },function(){\r\n        entranceIndex = index++\r\n        images.each(function(i){\r\n            clearTimeout(animation[i])\r\n        })\r\n        images.each(function(i){\r\n            var $this2 = $(this)\r\n            if(i < index) return\r\n            animation[i] = setTimeout(function(){\r\n                $({ n: pause[i+1] }).animate({ n: 1 }, {\r\n                    duration: 500,\r\n                    step: function(now, fx) {\r\n                        var x = squeeze == 'x' ? 1 : now,\r\n                        \ty = squeeze == 'y' ? 1 : now\r\n                        $this2.css('transform','scaleX('+x+') scaleY('+y+')')\r\n                        pause[i+1] = now\r\n                    }\r\n                },'linear')\r\n                if(index == 0) {\r\n                    $({ n: pause[i] }).animate({ n: 2 }, {\r\n                        duration: 500,\r\n                        step: function(now, fx) {\r\n                            var x = squeeze == 'x' ? 1 : now,\r\n                        \t\ty = squeeze == 'y' ? 1 : now\r\n                            $this.find('img').eq(0).css('transform','scaleX('+x+') scaleY('+y+')')\r\n                            pause[i] = now\r\n                        }\r\n                    },'linear')\r\n                }\r\n                index++\r\n            },speed*(i - entranceIndex - 1))\r\n            \r\n        })\r\n    })\r\n})\r\n})\r\n\r\nfunction imageIssueFix(){\r\n    $('.repeated-image-last').removeClass('hide')\r\n}\r\n\r\n$(window).on('load resize', function(){\r\n    \r\n    $('.mdw-repeat-image').each(function(){\r\n        var radius = $(this).find('img').eq(0).css('border-radius')\r\n        $(this).css('--radius', radius)\r\n    })\r\n    imageIssueFix()\r\n})\r\n\r\n$(window).focus(function(){\r\n    imageIssueFix()\r\n})\r\n$(window).blur(function(){\r\n    imageIssueFix()\r\n})\r\n<\/script>\t\t\t\t<\/div>\n\t\t\t\t<\/div>\n\t\t\t\t\t<\/div>\n\t\t\t\t<\/div>\n\t\t\t\t<\/div>","protected":false},"excerpt":{"rendered":"<p>Desktop Publishing Adobe Indesign\u200b Interactive document created in Indesign. Click on the document to interact in full display. During my time working at the Tourist information center in Verdun I did various\u00a0desktop publishing and layout designing as showcased above. See full PDF here During my time\u00a0collaborating with Powerful Africa I did various\u00a0desktop publishing and layout &hellip;<\/p>\n<p class=\"read-more\"> <a class=\"\" href=\"https:\/\/elijahp.com\/fr\/desktop-publishing\/\"> <span class=\"screen-reader-text\">PAO<\/span> Lire la suite\u00a0\u00bb<\/a><\/p>","protected":false},"author":1,"featured_media":0,"parent":0,"menu_order":0,"comment_status":"closed","ping_status":"closed","template":"","meta":{"om_disable_all_campaigns":false,"_monsterinsights_skip_tracking":false,"_monsterinsights_sitenote_active":false,"_monsterinsights_sitenote_note":"","_monsterinsights_sitenote_category":0,"site-sidebar-layout":"no-sidebar","site-content-layout":"page-builder","ast-main-header-display":"","ast-hfb-above-header-display":"","ast-hfb-mobile-header-display":"","site-post-title":"disabled","ast-breadcrumbs-content":"","ast-featured-img":"disabled","footer-sml-layout":"","theme-transparent-header-meta":"","adv-header-id-meta":"","stick-header-meta":"","header-above-stick-meta":"","header-main-stick-meta":"","header-below-stick-meta":"","footnotes":""},"class_list":["post-1637","page","type-page","status-publish","hentry"],"post_mailing_queue_ids":[],"_links":{"self":[{"href":"https:\/\/elijahp.com\/fr\/wp-json\/wp\/v2\/pages\/1637","targetHints":{"allow":["GET"]}}],"collection":[{"href":"https:\/\/elijahp.com\/fr\/wp-json\/wp\/v2\/pages"}],"about":[{"href":"https:\/\/elijahp.com\/fr\/wp-json\/wp\/v2\/types\/page"}],"author":[{"embeddable":true,"href":"https:\/\/elijahp.com\/fr\/wp-json\/wp\/v2\/users\/1"}],"replies":[{"embeddable":true,"href":"https:\/\/elijahp.com\/fr\/wp-json\/wp\/v2\/comments?post=1637"}],"version-history":[{"count":24,"href":"https:\/\/elijahp.com\/fr\/wp-json\/wp\/v2\/pages\/1637\/revisions"}],"predecessor-version":[{"id":1671,"href":"https:\/\/elijahp.com\/fr\/wp-json\/wp\/v2\/pages\/1637\/revisions\/1671"}],"wp:attachment":[{"href":"https:\/\/elijahp.com\/fr\/wp-json\/wp\/v2\/media?parent=1637"}],"curies":[{"name":"wp","href":"https:\/\/api.w.org\/{rel}","templated":true}]}}