{"id":193,"date":"2021-11-03T02:23:54","date_gmt":"2021-11-03T02:23:54","guid":{"rendered":"http:\/\/elijahp.com\/?page_id=193"},"modified":"2025-01-23T23:22:52","modified_gmt":"2025-01-23T23:22:52","slug":"books-sem-smm-2","status":"publish","type":"page","link":"https:\/\/elijahp.com\/fr\/books-sem-smm-2\/","title":{"rendered":"Marketing Digitale"},"content":{"rendered":"<div data-elementor-type=\"wp-page\" data-elementor-id=\"193\" class=\"elementor elementor-193\" data-elementor-post-type=\"page\">\n\t\t\t\t\t\t<section class=\"elementor-section elementor-top-section elementor-element elementor-element-u5q8uj7 elementor-section-boxed elementor-section-height-default elementor-section-height-default\" data-id=\"u5q8uj7\" data-element_type=\"section\" data-settings=\"{&quot;background_background&quot;:&quot;classic&quot;}\">\n\t\t\t\t\t\t<div class=\"elementor-container elementor-column-gap-no\">\n\t\t\t\t\t<div class=\"elementor-column elementor-col-100 elementor-top-column elementor-element elementor-element-7d39467\" data-id=\"7d39467\" data-element_type=\"column\">\n\t\t\t<div class=\"elementor-widget-wrap elementor-element-populated\">\n\t\t\t\t\t\t<div class=\"elementor-element elementor-element-f7b7ceb elementor-widget elementor-widget-heading\" data-id=\"f7b7ceb\" data-element_type=\"widget\" data-widget_type=\"heading.default\">\n\t\t\t\t<div class=\"elementor-widget-container\">\n\t\t\t\t\t<h2 class=\"elementor-heading-title elementor-size-default\">Livres et Formations sur le Marketing Digital<\/h2>\t\t\t\t<\/div>\n\t\t\t\t<\/div>\n\t\t\t\t<section class=\"elementor-section elementor-inner-section elementor-element elementor-element-74269ff elementor-section-boxed elementor-section-height-default elementor-section-height-default\" data-id=\"74269ff\" data-element_type=\"section\">\n\t\t\t\t\t\t<div class=\"elementor-container elementor-column-gap-no\">\n\t\t\t\t\t<div class=\"elementor-column elementor-col-50 elementor-inner-column elementor-element elementor-element-e4f0e0c\" data-id=\"e4f0e0c\" data-element_type=\"column\">\n\t\t\t<div class=\"elementor-widget-wrap elementor-element-populated\">\n\t\t\t\t\t\t<div class=\"elementor-element elementor-element-ef89173 elementor-widget elementor-widget-testimonial\" data-id=\"ef89173\" data-element_type=\"widget\" data-widget_type=\"testimonial.default\">\n\t\t\t\t<div class=\"elementor-widget-container\">\n\t\t\t\t\t\t\t<div class=\"elementor-testimonial-wrapper\">\n\t\t\t\t\t\t\t<div class=\"elementor-testimonial-content\"><p style=\"margin-bottom: 0cm;background: transparent\">The Growth Marketer's Playbook de Jim Huffman est un guide pratique et clair pour les entrepreneurs, les sp\u00e9cialistes du marketing et les chefs d'entreprises qui cherchent \u00e0 naviguer dans les complexit\u00e9s du Growth hacking. L'ouvrage excelle \u00e0 d\u00e9composer le Growth hacking en un cadre strat\u00e9gique clair, offrant des \u00e9tapes actionnables faciles \u00e0 comprendre et \u00e0 mettre en \u0153uvre.\nLe  ton familier de Huffman et la richesse des \u00e9tudes de cas rendent le contenu attrayant et accessible. Qu'il s'agisse de hi\u00e9rarchiser les efforts de croissance \u00e0 l'aide du mod\u00e8le d'\u00e9valuation ICE, de mener des \u00e9tudes sur la client\u00e8le ou de s\u00e9lectionner les bons canaux, le livre fournit des informations tactiques avec un minimum de superflu. Des mod\u00e8les, des outils et des exemples renforcent encore sa valeur, permettant aux lecteurs d'appliquer les concepts directement \u00e0 leur propre entreprise.\nSi ce livre est particuli\u00e8rement utile pour les startups et les PME, ses principes sont suffisamment polyvalents pour profiter aux sp\u00e9cialistes du marketing \u00e0 toutes les \u00e9tapes. Cela dit, les praticiens avanc\u00e9s peuvent trouver que certains domaines, tels que le r\u00e9f\u00e9rencement ou l'analyse, manquent de profondeur. Le contenu s'oriente davantage vers les strat\u00e9gies fondamentales que vers les techniques de pointe, ce qui le rend parfait pour les d\u00e9butants, mais moins novateur pour les professionnels chevronn\u00e9s.\nDans l'ensemble, The Growth Marketer's Playbook est une ressource tr\u00e8s pratique et motivante. Pour tous ceux qui cherchent \u00e0 construire ou \u00e0 affiner leur strat\u00e9gie de croissance, ce livre offre clart\u00e9 et orientation dans le paysage num\u00e9rique actuel, qui \u00e9volue rapidement.<span style=\"color: var( --e-global-color-text );font-family: var( --e-global-typography-text-font-family ), Sans-serif;font-weight: var( --e-global-typography-text-font-weight )\"><\/span><\/p><\/div>\n\t\t\t\n\t\t\t\t\t\t<div class=\"elementor-testimonial-meta\">\n\t\t\t\t<div class=\"elementor-testimonial-meta-inner\">\n\t\t\t\t\t\n\t\t\t\t\t\t\t\t\t\t<div class=\"elementor-testimonial-details\">\n\t\t\t\t\t\t\t\t\t\t\t\t\t\t<div class=\"elementor-testimonial-name\">Elijah Petty<\/div>\n\t\t\t\t\t\t\t\t\t\t\t\t\t\t\t\t\t\t\t<\/div>\n\t\t\t\t\t\t\t\t\t<\/div>\n\t\t\t<\/div>\n\t\t\t\t\t<\/div>\n\t\t\t\t\t\t<\/div>\n\t\t\t\t<\/div>\n\t\t\t\t<div class=\"elementor-element elementor-element-1701d10 elementor-widget elementor-widget-testimonial\" data-id=\"1701d10\" data-element_type=\"widget\" data-widget_type=\"testimonial.default\">\n\t\t\t\t<div class=\"elementor-widget-container\">\n\t\t\t\t\t\t\t<div class=\"elementor-testimonial-wrapper\">\n\t\t\t\t\t\t\t<div class=\"elementor-testimonial-content\"><p style=\"margin-bottom: 0cm;background: transparent\"><em><font color=\"#0e101a\"><span style=\"background: transparent\"><\/span><\/font><\/em><br><font color=\"#0e101a\"><span style=\"background: transparent\">\n<\/span><\/font><\/p><p style=\"margin-bottom: 0cm;background: transparent\"><font color=\"#0e101a\"><span style=\"background: transparent\"><i>In-Demand\nCareer<\/i> est une formation en marketing num\u00e9rique cr\u00e9\u00e9 par Seth Hynes qui couvre le r\u00e9f\u00e9rencement, le SMM, le SEM et l\u2019emailing. En plus des enseignements sur les diff\u00e9rents concepts en marketing, la formation propose des sessions de coaching par Skype gr\u00e2ce au programme de mentorat qui accompagne le cours. L'originalit\u00e9 de la formation ne r\u00e9side pas tant dans les enseignements que dans le programme de mentorat. En effet, cette formation a aid\u00e9 des milliers de personnes \u00e0 appr\u00e9hender le marketing num\u00e9rique et les nombreux t\u00e9moignages en sont la preuve. Du point n\u00e9gatif, cette formation ne nous informe pas qu'il aurait des frais suppl\u00e9mentaires \u00e0 payer pour pouvoir r\u00e9aliser les diff\u00e9rents exercices . Sinon cette formation reste d'une tr\u00e8s bonne qualit\u00e9 et si vous souhaitez vous lancer dans le marketing num\u00e9rique, je vous recommande vivement ce cours.<\/span><\/font><\/p>\n\n<\/div>\n\t\t\t\n\t\t\t\t\t\t<div class=\"elementor-testimonial-meta\">\n\t\t\t\t<div class=\"elementor-testimonial-meta-inner\">\n\t\t\t\t\t\n\t\t\t\t\t\t\t\t\t\t<div class=\"elementor-testimonial-details\">\n\t\t\t\t\t\t\t\t\t\t\t\t\t\t<div class=\"elementor-testimonial-name\">Elijah Petty<\/div>\n\t\t\t\t\t\t\t\t\t\t\t\t\t\t\t\t\t\t\t<\/div>\n\t\t\t\t\t\t\t\t\t<\/div>\n\t\t\t<\/div>\n\t\t\t\t\t<\/div>\n\t\t\t\t\t\t<\/div>\n\t\t\t\t<\/div>\n\t\t\t\t<div class=\"elementor-element elementor-element-92588d8 elementor-widget elementor-widget-testimonial\" data-id=\"92588d8\" data-element_type=\"widget\" data-widget_type=\"testimonial.default\">\n\t\t\t\t<div class=\"elementor-widget-container\">\n\t\t\t\t\t\t\t<div class=\"elementor-testimonial-wrapper\">\n\t\t\t\t\t\t\t<div class=\"elementor-testimonial-content\"><p style=\"margin-bottom: 0cm;background: transparent\"><br><em><font color=\"#0e101a\"><span style=\"background: transparent\">\n<\/span><\/font><\/em><\/p><p style=\"margin-bottom: 0cm;background: transparent\"><em><font color=\"#0e101a\"><span style=\"background: transparent\">The\nComplete Digital Marketing Course<\/span><\/font><\/em><font color=\"#0e101a\"><span style=\"background: transparent\">&nbsp;est un cours Udemy de 22 heures cr\u00e9\u00e9 par Daragh Walsh, un instructeur en marketing num\u00e9rique ayant enseign\u00e9 \u00e0 plus d'un million d'\u00e9tudiants en ligne. Le cours est r\u00e9pertori\u00e9 comme l'un des cours les mieux not\u00e9s de Udemy et je dois moi-m\u00eame \u00eatre d'accord en lui donnant 5 \u00e9toiles (note maximale). Le cours couvre tout ce qui tourne autour du marketing num\u00e9rique : SEO, SEM, SMM, email marketing, \u00e9tudes de march\u00e9, d\u00e9veloppement de sites Web, etc. \u00c0 la fin du cours, vous aurez certainement une grande compr\u00e9hension du marketing num\u00e9rique tout en sachant comment mettre en \u0153uvre ces concepts de mani\u00e8re pratique. Le seul inconv\u00e9nient que je peux penser est que, comme il couvre tant de sujets, si vous voulez devenir un expert dans l'un d'eux, vous aurez probablement besoin d'acheter un cours couvrant sp\u00e9cifiquement ce sujet. Mais toujours un tr\u00e8s bon formation et d\u00e9finitivement un must-buy<\/span><\/font><\/p>\n<p style=\"margin-bottom: 0cm;background: transparent\"><font color=\"#0e101a\"><span style=\"background: transparent\"><\/span><\/font><\/p>\n<\/div>\n\t\t\t\n\t\t\t\t\t\t<div class=\"elementor-testimonial-meta\">\n\t\t\t\t<div class=\"elementor-testimonial-meta-inner\">\n\t\t\t\t\t\n\t\t\t\t\t\t\t\t\t\t<div class=\"elementor-testimonial-details\">\n\t\t\t\t\t\t\t\t\t\t\t\t\t\t<div class=\"elementor-testimonial-name\">Elijah Petty<\/div>\n\t\t\t\t\t\t\t\t\t\t\t\t\t\t\t\t\t\t\t<\/div>\n\t\t\t\t\t\t\t\t\t<\/div>\n\t\t\t<\/div>\n\t\t\t\t\t<\/div>\n\t\t\t\t\t\t<\/div>\n\t\t\t\t<\/div>\n\t\t\t\t\t<\/div>\n\t\t<\/div>\n\t\t\t\t<div class=\"elementor-column elementor-col-50 elementor-inner-column elementor-element elementor-element-9d00c5d\" data-id=\"9d00c5d\" data-element_type=\"column\">\n\t\t\t<div class=\"elementor-widget-wrap elementor-element-populated\">\n\t\t\t\t\t\t<div class=\"elementor-element elementor-element-4203cce elementor-widget elementor-widget-spacer\" data-id=\"4203cce\" data-element_type=\"widget\" data-widget_type=\"spacer.default\">\n\t\t\t\t<div class=\"elementor-widget-container\">\n\t\t\t\t\t\t\t<div class=\"elementor-spacer\">\n\t\t\t<div class=\"elementor-spacer-inner\"><\/div>\n\t\t<\/div>\n\t\t\t\t\t\t<\/div>\n\t\t\t\t<\/div>\n\t\t\t\t<div class=\"elementor-element elementor-element-b9b4eff elementor-widget elementor-widget-image\" data-id=\"b9b4eff\" data-element_type=\"widget\" data-widget_type=\"image.default\">\n\t\t\t\t<div class=\"elementor-widget-container\">\n\t\t\t\t\t\t\t\t\t\t\t\t\t\t\t<img fetchpriority=\"high\" decoding=\"async\" width=\"667\" height=\"1000\" src=\"https:\/\/elijahp.com\/wp-content\/uploads\/2025\/01\/61MXHbe6-L._AC_UF10001000_QL80_.jpg\" class=\"attachment-large size-large wp-image-2970\" alt=\"\" srcset=\"https:\/\/elijahp.com\/wp-content\/uploads\/2025\/01\/61MXHbe6-L._AC_UF10001000_QL80_.jpg 667w, https:\/\/elijahp.com\/wp-content\/uploads\/2025\/01\/61MXHbe6-L._AC_UF10001000_QL80_-200x300.jpg 200w, https:\/\/elijahp.com\/wp-content\/uploads\/2025\/01\/61MXHbe6-L._AC_UF10001000_QL80_-8x12.jpg 8w\" sizes=\"(max-width: 667px) 100vw, 667px\" \/>\t\t\t\t\t\t\t\t\t\t\t\t\t\t\t<\/div>\n\t\t\t\t<\/div>\n\t\t\t\t<div class=\"elementor-element elementor-element-d41ab01 elementor-widget elementor-widget-spacer\" data-id=\"d41ab01\" data-element_type=\"widget\" data-widget_type=\"spacer.default\">\n\t\t\t\t<div class=\"elementor-widget-container\">\n\t\t\t\t\t\t\t<div class=\"elementor-spacer\">\n\t\t\t<div class=\"elementor-spacer-inner\"><\/div>\n\t\t<\/div>\n\t\t\t\t\t\t<\/div>\n\t\t\t\t<\/div>\n\t\t\t\t<div class=\"elementor-element elementor-element-7810427 elementor-widget elementor-widget-image\" data-id=\"7810427\" data-element_type=\"widget\" data-widget_type=\"image.default\">\n\t\t\t\t<div class=\"elementor-widget-container\">\n\t\t\t\t\t\t\t\t\t\t\t\t\t\t\t<img decoding=\"async\" width=\"661\" height=\"489\" src=\"https:\/\/elijahp.com\/wp-content\/uploads\/2021\/11\/In_demand.jpg\" class=\"attachment-large size-large wp-image-194\" alt=\"\" srcset=\"https:\/\/elijahp.com\/wp-content\/uploads\/2021\/11\/In_demand.jpg 661w, https:\/\/elijahp.com\/wp-content\/uploads\/2021\/11\/In_demand-300x222.jpg 300w, https:\/\/elijahp.com\/wp-content\/uploads\/2021\/11\/In_demand-16x12.jpg 16w\" sizes=\"(max-width: 661px) 100vw, 661px\" \/>\t\t\t\t\t\t\t\t\t\t\t\t\t\t\t<\/div>\n\t\t\t\t<\/div>\n\t\t\t\t<div class=\"elementor-element elementor-element-2a8a018 elementor-widget elementor-widget-spacer\" data-id=\"2a8a018\" data-element_type=\"widget\" data-widget_type=\"spacer.default\">\n\t\t\t\t<div class=\"elementor-widget-container\">\n\t\t\t\t\t\t\t<div class=\"elementor-spacer\">\n\t\t\t<div class=\"elementor-spacer-inner\"><\/div>\n\t\t<\/div>\n\t\t\t\t\t\t<\/div>\n\t\t\t\t<\/div>\n\t\t\t\t<div class=\"elementor-element elementor-element-7537cbd elementor-widget elementor-widget-image\" data-id=\"7537cbd\" data-element_type=\"widget\" data-widget_type=\"image.default\">\n\t\t\t\t<div class=\"elementor-widget-container\">\n\t\t\t\t\t\t\t\t\t\t\t\t\t\t\t<img decoding=\"async\" width=\"299\" height=\"168\" src=\"https:\/\/elijahp.com\/wp-content\/uploads\/2021\/11\/The-Complete-Digital-Marketing.jpg\" class=\"attachment-large size-large wp-image-195\" alt=\"\" srcset=\"https:\/\/elijahp.com\/wp-content\/uploads\/2021\/11\/The-Complete-Digital-Marketing.jpg 299w, https:\/\/elijahp.com\/wp-content\/uploads\/2021\/11\/The-Complete-Digital-Marketing-18x10.jpg 18w\" sizes=\"(max-width: 299px) 100vw, 299px\" \/>\t\t\t\t\t\t\t\t\t\t\t\t\t\t\t<\/div>\n\t\t\t\t<\/div>\n\t\t\t\t\t<\/div>\n\t\t<\/div>\n\t\t\t\t\t<\/div>\n\t\t<\/section>\n\t\t\t\t\t<\/div>\n\t\t<\/div>\n\t\t\t\t\t<\/div>\n\t\t<\/section>\n\t\t\t\t<\/div>","protected":false},"excerpt":{"rendered":"<p>Digital Marketing Books &amp; Courses Jim Huffman\u2019s The Growth Marketer\u2019s Playbook is a practical, no-nonsense guide for entrepreneurs, marketers, and business owners looking to navigate the complexities of digital growth. The book excels in breaking down growth marketing into a clear, strategic framework, offering actionable steps that are easy to understand and implement. Huffman\u2019s conversational &hellip;<\/p>\n<p class=\"read-more\"> <a class=\"\" href=\"https:\/\/elijahp.com\/fr\/books-sem-smm-2\/\"> <span class=\"screen-reader-text\">Marketing Digitale<\/span> Lire la suite\u00a0\u00bb<\/a><\/p>","protected":false},"author":1,"featured_media":0,"parent":0,"menu_order":0,"comment_status":"closed","ping_status":"closed","template":"","meta":{"om_disable_all_campaigns":false,"_monsterinsights_skip_tracking":false,"_monsterinsights_sitenote_active":false,"_monsterinsights_sitenote_note":"","_monsterinsights_sitenote_category":0,"site-sidebar-layout":"no-sidebar","site-content-layout":"page-builder","ast-main-header-display":"","ast-hfb-above-header-display":"","ast-hfb-mobile-header-display":"","site-post-title":"disabled","ast-breadcrumbs-content":"","ast-featured-img":"disabled","footer-sml-layout":"","theme-transparent-header-meta":"","adv-header-id-meta":"","stick-header-meta":"","header-above-stick-meta":"","header-main-stick-meta":"","header-below-stick-meta":"","footnotes":""},"class_list":["post-193","page","type-page","status-publish","hentry"],"post_mailing_queue_ids":[],"_links":{"self":[{"href":"https:\/\/elijahp.com\/fr\/wp-json\/wp\/v2\/pages\/193","targetHints":{"allow":["GET"]}}],"collection":[{"href":"https:\/\/elijahp.com\/fr\/wp-json\/wp\/v2\/pages"}],"about":[{"href":"https:\/\/elijahp.com\/fr\/wp-json\/wp\/v2\/types\/page"}],"author":[{"embeddable":true,"href":"https:\/\/elijahp.com\/fr\/wp-json\/wp\/v2\/users\/1"}],"replies":[{"embeddable":true,"href":"https:\/\/elijahp.com\/fr\/wp-json\/wp\/v2\/comments?post=193"}],"version-history":[{"count":19,"href":"https:\/\/elijahp.com\/fr\/wp-json\/wp\/v2\/pages\/193\/revisions"}],"predecessor-version":[{"id":2982,"href":"https:\/\/elijahp.com\/fr\/wp-json\/wp\/v2\/pages\/193\/revisions\/2982"}],"wp:attachment":[{"href":"https:\/\/elijahp.com\/fr\/wp-json\/wp\/v2\/media?parent=193"}],"curies":[{"name":"wp","href":"https:\/\/api.w.org\/{rel}","templated":true}]}}