{"id":202,"date":"2021-11-03T02:56:47","date_gmt":"2021-11-03T02:56:47","guid":{"rendered":"http:\/\/elijahp.com\/?page_id=202"},"modified":"2021-11-03T04:02:44","modified_gmt":"2021-11-03T04:02:44","slug":"facebook-ads-2","status":"publish","type":"page","link":"https:\/\/elijahp.com\/fr\/facebook-ads-2\/","title":{"rendered":"Facebook Ads"},"content":{"rendered":"<div data-elementor-type=\"wp-page\" data-elementor-id=\"202\" class=\"elementor elementor-202\" data-elementor-post-type=\"page\">\n\t\t\t\t\t\t<section class=\"elementor-section elementor-top-section elementor-element elementor-element-u5q8uj7 elementor-section-boxed elementor-section-height-default elementor-section-height-default\" data-id=\"u5q8uj7\" data-element_type=\"section\" data-settings=\"{&quot;background_background&quot;:&quot;classic&quot;}\">\n\t\t\t\t\t\t<div class=\"elementor-container elementor-column-gap-no\">\n\t\t\t\t\t<div class=\"elementor-column elementor-col-100 elementor-top-column elementor-element elementor-element-7d39467\" data-id=\"7d39467\" data-element_type=\"column\">\n\t\t\t<div class=\"elementor-widget-wrap elementor-element-populated\">\n\t\t\t\t\t\t<div class=\"elementor-element elementor-element-f7b7ceb elementor-widget elementor-widget-heading\" data-id=\"f7b7ceb\" data-element_type=\"widget\" data-widget_type=\"heading.default\">\n\t\t\t\t<div class=\"elementor-widget-container\">\n\t\t\t\t\t<h2 class=\"elementor-heading-title elementor-size-default\">Formations Facebook Ads<\/h2>\t\t\t\t<\/div>\n\t\t\t\t<\/div>\n\t\t\t\t<section class=\"elementor-section elementor-inner-section elementor-element elementor-element-74269ff elementor-section-boxed elementor-section-height-default elementor-section-height-default\" data-id=\"74269ff\" data-element_type=\"section\">\n\t\t\t\t\t\t<div class=\"elementor-container elementor-column-gap-no\">\n\t\t\t\t\t<div class=\"elementor-column elementor-col-50 elementor-inner-column elementor-element elementor-element-e4f0e0c\" data-id=\"e4f0e0c\" data-element_type=\"column\">\n\t\t\t<div class=\"elementor-widget-wrap elementor-element-populated\">\n\t\t\t\t\t\t<div class=\"elementor-element elementor-element-1701d10 elementor-widget elementor-widget-testimonial\" data-id=\"1701d10\" data-element_type=\"widget\" data-widget_type=\"testimonial.default\">\n\t\t\t\t<div class=\"elementor-widget-container\">\n\t\t\t\t\t\t\t<div class=\"elementor-testimonial-wrapper\">\n\t\t\t\t\t\t\t<div class=\"elementor-testimonial-content\"><p style=\"margin-bottom: 0cm;background: transparent\"><em><font color=\"#0e101a\"><span style=\"background: transparent\"><\/span><\/font><\/em><br><font color=\"#0e101a\"><span style=\"background: transparent\">\n<\/span><\/font><\/p><p style=\"margin-bottom: 0cm;background: transparent\"><br><font color=\"#0e101a\"><span style=\"background: transparent\">\n<\/span><\/font><\/p><p style=\"margin-bottom: 0cm;background: transparent\"><font color=\"#0e101a\"><span style=\"background: transparent\">Facebook Ads Mastery par L\u00e9o Castel, un sp\u00e9cialiste du web marketing avec plus de 15 000 abonn\u00e9s sur YouTube, est un cours de 100\u20ac sur les publicit\u00e9s Facebook. Le cours est correct, mais je dirais qu'il ne vaut pas 100\u20ac et que vous pouvez obtenir un cours tout aussi bon sur Udemy pour 20\u20ac. Apr\u00e8s avoir termin\u00e9 le cours, j'\u00e9tais un peu d\u00e9\u00e7u parce que je connaissais d\u00e9j\u00e0 la plupart des choses, mais sur une note positive, cela m'a permis de savoir o\u00f9 se situent mes connaissances en tant que webmarketer. Parfois, il faut \u00eatre pr\u00eat \u00e0 investir pour savoir o\u00f9 l'on en est. Une autre chose qui m'a ennuy\u00e9 \u00e0 propos de ce cours est qu'il est commercialis\u00e9 en pr\u00e9tendant qu'il va vous apprendre \u00e0 faire de la publicit\u00e9 comme David Ogilvy, mais ensuite, lorsque vous commencez \u00e0 regarder les vid\u00e9os, il donne juste les noms des livres de David Ogilvy \u00e0 acheter, et effectivement j'\u00e9tais d\u00e9\u00e7u.<\/span><\/font><\/p>\n\n\n<\/div>\n\t\t\t\n\t\t\t\t\t\t<div class=\"elementor-testimonial-meta\">\n\t\t\t\t<div class=\"elementor-testimonial-meta-inner\">\n\t\t\t\t\t\n\t\t\t\t\t\t\t\t\t\t<div class=\"elementor-testimonial-details\">\n\t\t\t\t\t\t\t\t\t\t\t\t\t\t<div class=\"elementor-testimonial-name\">Elijah Petty<\/div>\n\t\t\t\t\t\t\t\t\t\t\t\t\t\t\t\t\t\t\t<\/div>\n\t\t\t\t\t\t\t\t\t<\/div>\n\t\t\t<\/div>\n\t\t\t\t\t<\/div>\n\t\t\t\t\t\t<\/div>\n\t\t\t\t<\/div>\n\t\t\t\t<div class=\"elementor-element elementor-element-92588d8 elementor-widget elementor-widget-testimonial\" data-id=\"92588d8\" data-element_type=\"widget\" data-widget_type=\"testimonial.default\">\n\t\t\t\t<div class=\"elementor-widget-container\">\n\t\t\t\t\t\t\t<div class=\"elementor-testimonial-wrapper\">\n\t\t\t\t\t\t\t<div class=\"elementor-testimonial-content\"><p style=\"margin-bottom: 0cm;background: transparent\"><br><em><font color=\"#0e101a\"><span style=\"background: transparent\">\n<\/span><\/font><\/em><\/p><p style=\"margin-bottom: 0cm;background: transparent\"><em><font color=\"#0e101a\"><span style=\"background: transparent\"><\/span><\/font><\/em><br><font color=\"#0e101a\"><span style=\"background: transparent\">\n<\/span><\/font><\/p><p style=\"margin-bottom: 0cm;background: transparent\"><font color=\"#0e101a\"><span style=\"background: transparent\">Facebook Ads &amp; Facebook Marketing MASTERY est un cours Udemy de 12 heures cr\u00e9\u00e9 par Justin O'Brien de Coursenvy. C'est l'un des cours les plus vendus et les mieux not\u00e9s sur Udemy et je pense que cela vaut vraiment la peine d'\u00eatre achet\u00e9 si vous cherchez \u00e0 faire des publicit\u00e9s sur Facebook. Avant de se lancer dans le marketing digital, Justin 0'Brien \u00e9tait ing\u00e9nieur de formation et son parcours a d\u00e9finitivement contribu\u00e9 \u00e0 r\u00e9volutionner l'industrie de la publicit\u00e9 en ligne. En effet, Justin, tout comme d'autres experts en marketing ayant une formation en ing\u00e9nierie, comme Matt Diggity avec le SEO, a introduit une approche empirique du marketing en mettant l'accent sur les donn\u00e9es et les tests a\/b. La chose la plus importante que vous tirerez de ce cours est l'importance des recueils de donn\u00e9es pour am\u00e9liorer vos campagnes. Le marketing digital est encore une nouvelle industrie avec beaucoup de travail de pionnier \u00e0 faire. Par cons\u00e9quent, votre succ\u00e8s en tant que sp\u00e9cialiste du marketing digital repose principalement sur votre capacit\u00e9 \u00e0 recueillir, analyser et g\u00e9rer des donn\u00e9es pour l'am\u00e9lioration. L'approche empirique de Justin O'brien \u00e0 l'\u00e9gard des publicit\u00e9s Facebook rend cela digne de consid\u00e9ration.<\/span><\/font><\/p>\n\n<p style=\"margin-bottom: 0cm;background: transparent\"><font color=\"#0e101a\"><span style=\"background: transparent\"><\/span><\/font><\/p>\n<\/div>\n\t\t\t\n\t\t\t\t\t\t<div class=\"elementor-testimonial-meta\">\n\t\t\t\t<div class=\"elementor-testimonial-meta-inner\">\n\t\t\t\t\t\n\t\t\t\t\t\t\t\t\t\t<div class=\"elementor-testimonial-details\">\n\t\t\t\t\t\t\t\t\t\t\t\t\t\t<div class=\"elementor-testimonial-name\">Elijah Petty<\/div>\n\t\t\t\t\t\t\t\t\t\t\t\t\t\t\t\t\t\t\t<\/div>\n\t\t\t\t\t\t\t\t\t<\/div>\n\t\t\t<\/div>\n\t\t\t\t\t<\/div>\n\t\t\t\t\t\t<\/div>\n\t\t\t\t<\/div>\n\t\t\t\t\t<\/div>\n\t\t<\/div>\n\t\t\t\t<div class=\"elementor-column elementor-col-50 elementor-inner-column elementor-element elementor-element-9d00c5d\" data-id=\"9d00c5d\" data-element_type=\"column\">\n\t\t\t<div class=\"elementor-widget-wrap elementor-element-populated\">\n\t\t\t\t\t\t<div class=\"elementor-element elementor-element-d41ab01 elementor-widget elementor-widget-spacer\" data-id=\"d41ab01\" data-element_type=\"widget\" data-widget_type=\"spacer.default\">\n\t\t\t\t<div class=\"elementor-widget-container\">\n\t\t\t\t\t\t\t<div class=\"elementor-spacer\">\n\t\t\t<div class=\"elementor-spacer-inner\"><\/div>\n\t\t<\/div>\n\t\t\t\t\t\t<\/div>\n\t\t\t\t<\/div>\n\t\t\t\t<div class=\"elementor-element elementor-element-7810427 elementor-widget elementor-widget-image\" data-id=\"7810427\" data-element_type=\"widget\" data-widget_type=\"image.default\">\n\t\t\t\t<div class=\"elementor-widget-container\">\n\t\t\t\t\t\t\t\t\t\t\t\t\t\t\t<img fetchpriority=\"high\" decoding=\"async\" width=\"1024\" height=\"481\" src=\"https:\/\/elijahp.com\/wp-content\/uploads\/2021\/11\/Facebook-Mastery-1024x481.jpg\" class=\"attachment-large size-large wp-image-215\" alt=\"\" srcset=\"https:\/\/elijahp.com\/wp-content\/uploads\/2021\/11\/Facebook-Mastery-1024x481.jpg 1024w, https:\/\/elijahp.com\/wp-content\/uploads\/2021\/11\/Facebook-Mastery-300x141.jpg 300w, https:\/\/elijahp.com\/wp-content\/uploads\/2021\/11\/Facebook-Mastery-768x361.jpg 768w, https:\/\/elijahp.com\/wp-content\/uploads\/2021\/11\/Facebook-Mastery-1536x722.jpg 1536w, https:\/\/elijahp.com\/wp-content\/uploads\/2021\/11\/Facebook-Mastery-18x8.jpg 18w, https:\/\/elijahp.com\/wp-content\/uploads\/2021\/11\/Facebook-Mastery.jpg 1561w\" sizes=\"(max-width: 1024px) 100vw, 1024px\" \/>\t\t\t\t\t\t\t\t\t\t\t\t\t\t\t<\/div>\n\t\t\t\t<\/div>\n\t\t\t\t<div class=\"elementor-element elementor-element-2a8a018 elementor-widget elementor-widget-spacer\" data-id=\"2a8a018\" data-element_type=\"widget\" data-widget_type=\"spacer.default\">\n\t\t\t\t<div class=\"elementor-widget-container\">\n\t\t\t\t\t\t\t<div class=\"elementor-spacer\">\n\t\t\t<div class=\"elementor-spacer-inner\"><\/div>\n\t\t<\/div>\n\t\t\t\t\t\t<\/div>\n\t\t\t\t<\/div>\n\t\t\t\t<div class=\"elementor-element elementor-element-7537cbd elementor-widget elementor-widget-image\" data-id=\"7537cbd\" data-element_type=\"widget\" data-widget_type=\"image.default\">\n\t\t\t\t<div class=\"elementor-widget-container\">\n\t\t\t\t\t\t\t\t\t\t\t\t\t\t\t<img decoding=\"async\" width=\"649\" height=\"365\" src=\"https:\/\/elijahp.com\/wp-content\/uploads\/2021\/11\/Facebook-Ads-Coursenvy.png\" class=\"attachment-large size-large wp-image-217\" alt=\"\" srcset=\"https:\/\/elijahp.com\/wp-content\/uploads\/2021\/11\/Facebook-Ads-Coursenvy.png 649w, https:\/\/elijahp.com\/wp-content\/uploads\/2021\/11\/Facebook-Ads-Coursenvy-300x169.png 300w, https:\/\/elijahp.com\/wp-content\/uploads\/2021\/11\/Facebook-Ads-Coursenvy-18x10.png 18w\" sizes=\"(max-width: 649px) 100vw, 649px\" \/>\t\t\t\t\t\t\t\t\t\t\t\t\t\t\t<\/div>\n\t\t\t\t<\/div>\n\t\t\t\t\t<\/div>\n\t\t<\/div>\n\t\t\t\t\t<\/div>\n\t\t<\/section>\n\t\t\t\t\t<\/div>\n\t\t<\/div>\n\t\t\t\t\t<\/div>\n\t\t<\/section>\n\t\t\t\t<\/div>","protected":false},"excerpt":{"rendered":"<p>Facebook Ads Courses Facebook Ads Mastery by L\u00e9o Castel, a digital marketer with over 15k youtube subscribers, is a 100$ course on Facebook Ads. The course is correct but I would say it&#8217;s not worth 100$ and you can get just as good of a course on Udemy for 20$. After I finished the course &hellip;<\/p>\n<p class=\"read-more\"> <a class=\"\" href=\"https:\/\/elijahp.com\/fr\/facebook-ads-2\/\"> <span class=\"screen-reader-text\">Facebook Ads<\/span> Lire la suite\u00a0\u00bb<\/a><\/p>","protected":false},"author":1,"featured_media":0,"parent":0,"menu_order":0,"comment_status":"closed","ping_status":"closed","template":"","meta":{"om_disable_all_campaigns":false,"_monsterinsights_skip_tracking":false,"_monsterinsights_sitenote_active":false,"_monsterinsights_sitenote_note":"","_monsterinsights_sitenote_category":0,"site-sidebar-layout":"no-sidebar","site-content-layout":"page-builder","ast-main-header-display":"","ast-hfb-above-header-display":"","ast-hfb-mobile-header-display":"","site-post-title":"disabled","ast-breadcrumbs-content":"","ast-featured-img":"disabled","footer-sml-layout":"","theme-transparent-header-meta":"","adv-header-id-meta":"","stick-header-meta":"","header-above-stick-meta":"","header-main-stick-meta":"","header-below-stick-meta":"","footnotes":""},"class_list":["post-202","page","type-page","status-publish","hentry"],"post_mailing_queue_ids":[],"_links":{"self":[{"href":"https:\/\/elijahp.com\/fr\/wp-json\/wp\/v2\/pages\/202","targetHints":{"allow":["GET"]}}],"collection":[{"href":"https:\/\/elijahp.com\/fr\/wp-json\/wp\/v2\/pages"}],"about":[{"href":"https:\/\/elijahp.com\/fr\/wp-json\/wp\/v2\/types\/page"}],"author":[{"embeddable":true,"href":"https:\/\/elijahp.com\/fr\/wp-json\/wp\/v2\/users\/1"}],"replies":[{"embeddable":true,"href":"https:\/\/elijahp.com\/fr\/wp-json\/wp\/v2\/comments?post=202"}],"version-history":[{"count":7,"href":"https:\/\/elijahp.com\/fr\/wp-json\/wp\/v2\/pages\/202\/revisions"}],"predecessor-version":[{"id":223,"href":"https:\/\/elijahp.com\/fr\/wp-json\/wp\/v2\/pages\/202\/revisions\/223"}],"wp:attachment":[{"href":"https:\/\/elijahp.com\/fr\/wp-json\/wp\/v2\/media?parent=202"}],"curies":[{"name":"wp","href":"https:\/\/api.w.org\/{rel}","templated":true}]}}